{"id":362,"date":"2025-01-31T13:03:47","date_gmt":"2025-01-31T13:03:47","guid":{"rendered":"https:\/\/keresmemorial.com\/en\/home\/"},"modified":"2026-01-28T15:35:50","modified_gmt":"2026-01-28T15:35:50","slug":"avaleht","status":"publish","type":"page","link":"https:\/\/keresmemorial.com\/en\/","title":{"rendered":"Avaleht"},"content":{"rendered":"\n<div class=\"wp-block-group alignfull has-background-background-color has-background has-global-padding is-layout-constrained wp-container-core-group-is-layout-6fa30f3f wp-block-group-is-layout-constrained\" style=\"margin-top:0;margin-bottom:0;padding-top:0;padding-right:0;padding-bottom:0;padding-left:0\">\n<div class=\"wp-block-cover alignfull\" style=\"padding-right:var(--wp--preset--spacing--40);padding-left:var(--wp--preset--spacing--40);min-height:60vh;aspect-ratio:unset;\"><img loading=\"lazy\" decoding=\"async\" width=\"2560\" height=\"1709\" class=\"wp-block-cover__image-background wp-image-597\" alt=\"\" src=\"https:\/\/keresmemorial.com\/en\/wp-content\/uploads\/sites\/3\/2025\/02\/DSC_5298-scaled.jpg\" data-object-fit=\"cover\" srcset=\"https:\/\/keresmemorial.com\/en\/wp-content\/uploads\/sites\/3\/2025\/02\/DSC_5298-scaled.jpg 2560w, https:\/\/keresmemorial.com\/en\/wp-content\/uploads\/sites\/3\/2025\/02\/DSC_5298-300x200.jpg 300w, https:\/\/keresmemorial.com\/en\/wp-content\/uploads\/sites\/3\/2025\/02\/DSC_5298-1024x684.jpg 1024w, https:\/\/keresmemorial.com\/en\/wp-content\/uploads\/sites\/3\/2025\/02\/DSC_5298-768x513.jpg 768w, https:\/\/keresmemorial.com\/en\/wp-content\/uploads\/sites\/3\/2025\/02\/DSC_5298-1536x1025.jpg 1536w, https:\/\/keresmemorial.com\/en\/wp-content\/uploads\/sites\/3\/2025\/02\/DSC_5298-2048x1367.jpg 2048w\" sizes=\"auto, (max-width: 2560px) 100vw, 2560px\" \/><span aria-hidden=\"true\" class=\"wp-block-cover__background has-black-background-color has-background-dim-60 has-background-dim\"><\/span><div class=\"wp-block-cover__inner-container is-layout-flow wp-block-cover-is-layout-flow\">\n<div class=\"wp-block-group has-global-padding is-layout-constrained wp-block-group-is-layout-constrained\" style=\"padding-top:var(--wp--preset--spacing--80);padding-bottom:var(--wp--preset--spacing--80)\">\n<h1 class=\"wp-block-heading alignwide has-text-align-center has-white-color has-text-color\" style=\"margin-top:12px\">7<sup>th<\/sup> Paul Keres Memorial Festival in P\u00e4rnu<\/h1>\n\n\n\n<p class=\"has-text-align-center\">With a guaranteed prize fund of 17 500 \u20ac and title norm possibilities<\/p>\n<\/div>\n<\/div><\/div>\n<\/div>\n\n\n\n<div class=\"wp-block-group alignfull has-tertiary-background-color has-background has-global-padding is-layout-constrained wp-container-core-group-is-layout-7276a2bb wp-block-group-is-layout-constrained\" id=\"events\" style=\"margin-top:0;margin-bottom:0;padding-top:var(--wp--preset--spacing--60);padding-right:var(--wp--preset--spacing--30);padding-bottom:var(--wp--preset--spacing--60);padding-left:var(--wp--preset--spacing--30)\">\n<div class=\"wp-block-group alignwide has-global-padding is-content-justification-left is-layout-constrained wp-container-core-group-is-layout-17dd1b49 wp-block-group-is-layout-constrained\">\n<h2 class=\"wp-block-heading has-large-font-size\">The upcoming edition will take place from 27<sup>th<\/sup> July to 2<sup>nd<\/sup> of August 2026<\/h2>\n\n\n\n<p style=\"margin-top:16px\">All tournaments will be held at <a href=\"https:\/\/www.spaestonia.ee\/resort\/\" target=\"_blank\" rel=\"noopener\" title=\"\">Estonia Resort Hotel &amp; Spa<\/a> conference center.<\/p>\n<\/div>\n\n\n\n<div class=\"wp-block-columns alignwide is-layout-flex wp-container-core-columns-is-layout-28f84493 wp-block-columns-is-layout-flex\">\n<div class=\"wp-block-column has-background-background-color has-background is-layout-flow wp-block-column-is-layout-flow\">\n<div class=\"wp-block-group has-global-padding is-layout-constrained wp-container-core-group-is-layout-23b1a4dc wp-block-group-is-layout-constrained\" style=\"padding-top:var(--wp--preset--spacing--30);padding-right:var(--wp--preset--spacing--30);padding-bottom:var(--wp--preset--spacing--30);padding-left:var(--wp--preset--spacing--30)\">\n<div class=\"wp-block-group is-content-justification-space-between is-nowrap is-layout-flex wp-container-core-group-is-layout-cb46ffcb wp-block-group-is-layout-flex\">\n<h3 class=\"wp-block-heading\" style=\"font-size:clamp(14px, 0.875rem + ((1vw - 3.2px) * 0.625), 20px);line-height:1.5\">Classic Open A &amp; B tournaments<\/h3>\n<\/div>\n\n\n\n<p class=\"has-small-font-size\" style=\"margin-top:8px;text-transform:uppercase\">july 27<sup>th<\/sup> &#8211; August 1<sup>st<\/sup><\/p>\n<\/div>\n<\/div>\n\n\n\n<div class=\"wp-block-column has-background-background-color has-background is-layout-flow wp-block-column-is-layout-flow\">\n<div class=\"wp-block-group has-global-padding is-layout-constrained wp-container-core-group-is-layout-23b1a4dc wp-block-group-is-layout-constrained\" style=\"padding-top:var(--wp--preset--spacing--30);padding-right:var(--wp--preset--spacing--30);padding-bottom:var(--wp--preset--spacing--30);padding-left:var(--wp--preset--spacing--30)\">\n<div class=\"wp-block-group is-content-justification-space-between is-nowrap is-layout-flex wp-container-core-group-is-layout-cb46ffcb wp-block-group-is-layout-flex\">\n<h3 class=\"wp-block-heading\" style=\"font-size:clamp(14px, 0.875rem + ((1vw - 3.2px) * 0.625), 20px);line-height:1.5\">Blitz<\/h3>\n<\/div>\n\n\n\n<p class=\"has-small-font-size\" style=\"margin-top:8px;text-transform:uppercase\">AUGUST 1<sup>st <\/sup><\/p>\n<\/div>\n<\/div>\n\n\n\n<div class=\"wp-block-column has-background-background-color has-background is-layout-flow wp-block-column-is-layout-flow\">\n<div class=\"wp-block-group has-global-padding is-layout-constrained wp-container-core-group-is-layout-47f75be7 wp-block-group-is-layout-constrained\" style=\"margin-top:0;margin-bottom:0;padding-top:var(--wp--preset--spacing--30);padding-right:var(--wp--preset--spacing--30);padding-bottom:var(--wp--preset--spacing--30);padding-left:var(--wp--preset--spacing--30)\">\n<div class=\"wp-block-group is-content-justification-space-between is-nowrap is-layout-flex wp-container-core-group-is-layout-cb46ffcb wp-block-group-is-layout-flex\">\n<h3 class=\"wp-block-heading\" style=\"font-size:clamp(14px, 0.875rem + ((1vw - 3.2px) * 0.625), 20px);line-height:1.5\">Rapid<\/h3>\n<\/div>\n\n\n\n<p class=\"has-small-font-size\" style=\"margin-top:8px;text-transform:uppercase\">august 2<sup>nd<\/sup><\/p>\n<\/div>\n<\/div>\n<\/div>\n<\/div>\n\n\n\n<div class=\"wp-block-group alignfull has-background-background-color has-background has-global-padding is-layout-constrained wp-container-core-group-is-layout-7276a2bb wp-block-group-is-layout-constrained\" id=\"about\" style=\"margin-top:0;margin-bottom:0;padding-top:var(--wp--preset--spacing--60);padding-right:var(--wp--preset--spacing--30);padding-bottom:var(--wp--preset--spacing--60);padding-left:var(--wp--preset--spacing--30)\">\n<div class=\"wp-block-columns alignwide are-vertically-aligned-center is-layout-flex wp-container-core-columns-is-layout-47c06fe3 wp-block-columns-is-layout-flex\">\n<div class=\"wp-block-column is-vertically-aligned-center is-layout-flow wp-block-column-is-layout-flow\" style=\"flex-basis:40%\">\n<h2 class=\"wp-block-heading has-text-align-left has-large-font-size\">7<sup>th<\/sup> Paul Keres Memorial Festival 2026<\/h2>\n\n\n\n<p>The Paul Keres Memorial Festival is coming back for its 7th edition in summer 2026 in P\u00e4rnu! The confirmed dates are July 27th until August 2nd.<\/p>\n\n\n\n<p>Stay tuned for the regulations coming out soon!<\/p>\n<\/div>\n\n\n\n<div class=\"wp-block-column is-vertically-aligned-center is-layout-flow wp-container-core-column-is-layout-f5bb311e wp-block-column-is-layout-flow\" style=\"flex-basis:60%\">\n<figure class=\"wp-block-gallery has-nested-images columns-default is-cropped wp-block-gallery-1 is-layout-flex wp-block-gallery-is-layout-flex\">\n<figure class=\"wp-block-image size-full\"><img loading=\"lazy\" decoding=\"async\" width=\"1810\" height=\"2560\" data-id=\"3022\" src=\"https:\/\/keresmemorial.com\/en\/wp-content\/uploads\/sites\/3\/2025\/11\/P-Keres-A2-2026-ENG-1-scaled.png\" alt=\"\" class=\"wp-image-3022\" style=\"aspect-ratio:3\/4;object-fit:cover\" srcset=\"https:\/\/keresmemorial.com\/en\/wp-content\/uploads\/sites\/3\/2025\/11\/P-Keres-A2-2026-ENG-1-scaled.png 1810w, https:\/\/keresmemorial.com\/en\/wp-content\/uploads\/sites\/3\/2025\/11\/P-Keres-A2-2026-ENG-1-212x300.png 212w, https:\/\/keresmemorial.com\/en\/wp-content\/uploads\/sites\/3\/2025\/11\/P-Keres-A2-2026-ENG-1-724x1024.png 724w, https:\/\/keresmemorial.com\/en\/wp-content\/uploads\/sites\/3\/2025\/11\/P-Keres-A2-2026-ENG-1-768x1086.png 768w, https:\/\/keresmemorial.com\/en\/wp-content\/uploads\/sites\/3\/2025\/11\/P-Keres-A2-2026-ENG-1-1086x1536.png 1086w, https:\/\/keresmemorial.com\/en\/wp-content\/uploads\/sites\/3\/2025\/11\/P-Keres-A2-2026-ENG-1-1448x2048.png 1448w\" sizes=\"auto, (max-width: 1810px) 100vw, 1810px\" \/><\/figure>\n\n\n\n<figure class=\"wp-block-image size-full\"><img loading=\"lazy\" decoding=\"async\" width=\"801\" height=\"1010\" data-id=\"3029\" src=\"https:\/\/keresmemorial.com\/en\/wp-content\/uploads\/sites\/3\/2026\/01\/Meshkovs-e1769614533858.jpg\" alt=\"\" class=\"wp-image-3029\" style=\"aspect-ratio:3\/4;object-fit:cover\" srcset=\"https:\/\/keresmemorial.com\/en\/wp-content\/uploads\/sites\/3\/2026\/01\/Meshkovs-e1769614533858.jpg 801w, https:\/\/keresmemorial.com\/en\/wp-content\/uploads\/sites\/3\/2026\/01\/Meshkovs-e1769614533858-238x300.jpg 238w, https:\/\/keresmemorial.com\/en\/wp-content\/uploads\/sites\/3\/2026\/01\/Meshkovs-e1769614533858-768x968.jpg 768w\" sizes=\"auto, (max-width: 801px) 100vw, 801px\" \/><\/figure>\n<\/figure>\n<\/div>\n<\/div>\n<\/div>\n\n\n\n<div class=\"wp-block-group alignfull has-tertiary-background-color has-background has-global-padding is-layout-constrained wp-block-group-is-layout-constrained\" style=\"margin-top:0;margin-bottom:0;padding-top:var(--wp--preset--spacing--40);padding-bottom:var(--wp--preset--spacing--40)\">\n<div class=\"wp-block-group alignwide has-global-padding is-content-justification-left is-layout-constrained wp-container-core-group-is-layout-46141ef8 wp-block-group-is-layout-constrained\" style=\"border-bottom-style:none;border-bottom-width:0px;padding-bottom:0\">\n<div class=\"wp-block-group alignwide has-global-padding is-content-justification-left is-layout-constrained wp-container-core-group-is-layout-353cc7fb wp-block-group-is-layout-constrained\">\n<div class=\"wp-block-group has-global-padding is-layout-constrained wp-container-core-group-is-layout-ec9e11a4 wp-block-group-is-layout-constrained\">\n<h3 class=\"wp-block-heading\" style=\"border-bottom-color:var(--wp--preset--color--primary);border-bottom-width:1px\">Sponsors<\/h3>\n\n\n\n<p>Our sponsors play the key role in making the festival possible! <\/p>\n<\/div>\n<\/div>\n\n\n\n<div class=\"wp-block-group alignwide is-content-justification-center is-layout-flex wp-container-core-group-is-layout-c61398c5 wp-block-group-is-layout-flex\">\n<figure class=\"wp-block-image size-full is-resized wp-container-content-69bc4bdf wp-duotone-unset-2\"><a href=\"https:\/\/spaestonia.ee\/\" target=\"_blank\" rel=\" noreferrer noopener\"><img decoding=\"async\" src=\"https:\/\/keresmemorial.com\/wp-content\/uploads\/2025\/02\/ESTONIA-Resort-Hotel-Spa-LOGO-002-removebg-preview11.png\" alt=\"\" class=\"wp-image-1920\" style=\"width:197px;height:auto\"\/><\/a><\/figure>\n\n\n\n<figure class=\"wp-block-image size-full is-resized\"><a href=\"https:\/\/parnu.ee\/\" target=\"_blank\" rel=\" noreferrer noopener\"><img decoding=\"async\" src=\"https:\/\/keresmemorial.com\/en\/wp-content\/uploads\/sites\/2\/2025\/02\/paise_vapp.png\" alt=\"\" class=\"wp-image-390\" style=\"width:218px;height:auto\"\/><\/a><\/figure>\n\n\n\n<figure class=\"wp-block-image size-full is-resized\"><a href=\"https:\/\/www.kulka.ee\/\" target=\"_blank\" rel=\" noreferrer noopener\"><img loading=\"lazy\" decoding=\"async\" width=\"357\" height=\"164\" src=\"https:\/\/keresmemorial.com\/wp-content\/uploads\/2025\/02\/Kulka_logo_sin.png\" alt=\"\" class=\"wp-image-1031\" style=\"width:189px;height:auto\" srcset=\"https:\/\/keresmemorial.com\/en\/wp-content\/uploads\/sites\/3\/2025\/02\/Kulka_logo_sin.png 357w, https:\/\/keresmemorial.com\/en\/wp-content\/uploads\/sites\/3\/2025\/02\/Kulka_logo_sin-300x138.png 300w\" sizes=\"auto, (max-width: 357px) 100vw, 357px\" \/><\/a><\/figure>\n\n\n\n<figure class=\"wp-block-image size-full is-resized\"><a href=\"https:\/\/www.kolhethi.ee\/\" target=\"_blank\" rel=\" noreferrer noopener\"><img decoding=\"async\" src=\"https:\/\/keresmemorial.com\/wp-content\/uploads\/2025\/02\/Kolhethi-Logo-1-1-removebg-preview.png\" alt=\"\" class=\"wp-image-1918\" style=\"width:174px;height:auto\"\/><\/a><\/figure>\n\n\n\n<figure class=\"wp-block-image size-full is-resized\"><a href=\"https:\/\/www.stokker.ee\/\" target=\"_blank\" rel=\" noreferrer noopener\"><img decoding=\"async\" src=\"https:\/\/keresmemorial.com\/wp-content\/uploads\/2025\/02\/stokker.png\" alt=\"\" class=\"wp-image-1878\" style=\"width:205px;height:auto\"\/><\/a><\/figure>\n\n\n\n<figure class=\"wp-block-image size-full is-resized\"><a href=\"https:\/\/www.psl.ee\/\" target=\"_blank\" rel=\" noreferrer noopener\"><img decoding=\"async\" src=\"https:\/\/keresmemorial.com\/wp-content\/uploads\/2025\/02\/parnumaa_spordiliit_logo.png\" alt=\"\" class=\"wp-image-1909\" style=\"width:205px;height:auto\"\/><\/a><\/figure>\n\n\n\n<figure class=\"wp-block-image size-full is-resized\"><a href=\"https:\/\/www.kanpol.ee\/\" target=\"_blank\" rel=\" noreferrer noopener\"><img decoding=\"async\" src=\"https:\/\/keresmemorial.com\/wp-content\/uploads\/2025\/02\/kanpol2.png\" alt=\"\" class=\"wp-image-1922\" style=\"width:190px;height:auto\"\/><\/a><\/figure>\n\n\n\n<figure class=\"wp-block-image size-full is-resized\"><a href=\"https:\/\/cfs.net\/\" target=\"_blank\" rel=\" noreferrer noopener\"><img decoding=\"async\" src=\"https:\/\/keresmemorial.com\/wp-content\/uploads\/2025\/03\/svgviewer-png-output.png\" alt=\"\" class=\"wp-image-1929\" style=\"width:132px;height:auto\"\/><\/a><\/figure>\n\n\n\n<figure class=\"wp-block-image size-large is-resized\"><a href=\"https:\/\/www.ee.weber\/\" target=\"_blank\" rel=\" noreferrer noopener\"><img decoding=\"async\" src=\"https:\/\/keresmemorial.com\/wp-content\/uploads\/2025\/05\/Weber_Logo_CMYK-1024x359.png\" alt=\"\" class=\"wp-image-1940\" style=\"width:225px;height:auto\"\/><\/a><\/figure>\n\n\n\n<figure class=\"wp-block-image size-full is-resized\"><a href=\"https:\/\/www.lennundusmuuseum.ee\/\" target=\"_blank\" rel=\" noreferrer noopener\"><img decoding=\"async\" src=\"https:\/\/keresmemorial.com\/wp-content\/uploads\/2025\/05\/logo-removebg-preview.png\" alt=\"\" class=\"wp-image-1946\" style=\"width:217px;height:auto\"\/><\/a><\/figure>\n\n\n\n<figure class=\"wp-block-image size-large is-resized\"><a href=\"https:\/\/kontamo.ee\/\" target=\"_blank\" rel=\" noreferrer noopener\"><img decoding=\"async\" src=\"https:\/\/keresmemorial.com\/wp-content\/uploads\/2025\/05\/Kontamo_logo_tumeroheline-removebg-preview-1024x142.png\" alt=\"\" class=\"wp-image-1948\" style=\"width:243px;height:auto\"\/><\/a><\/figure>\n\n\n\n<figure class=\"wp-block-image size-full is-resized wp-duotone-rgb3511235-rgb238238238-3\"><img decoding=\"async\" src=\"https:\/\/keresmemorial.com\/wp-content\/uploads\/2025\/07\/Metsagrupi-logo-1-edited-1.png\" alt=\"\" class=\"wp-image-1968\" style=\"width:121px;height:auto\"\/><\/figure>\n\n\n\n<figure class=\"wp-block-image size-full is-resized wp-container-content-69bc4bdf wp-duotone-rgb000-rgb238238238-4\"><a href=\"https:\/\/www.sparta.ee\/\" target=\"_blank\" rel=\" noreferrer noopener\"><img decoding=\"async\" src=\"https:\/\/keresmemorial.com\/wp-content\/uploads\/2025\/07\/Sparta_logo_RGB-1-edited.png\" alt=\"\" class=\"wp-image-1969\" style=\"width:134px;height:auto\"\/><\/a><\/figure>\n\n\n\n<div class=\"wp-block-group has-global-padding is-layout-constrained wp-block-group-is-layout-constrained\" style=\"margin-top:var(--wp--preset--spacing--20);margin-bottom:var(--wp--preset--spacing--20)\">\n<h6 class=\"wp-block-heading\">M\u00e4o P\u00f5llumajandus\u00fchistu<\/h6>\n<\/div>\n\n\n\n<figure class=\"wp-block-image size-full is-resized wp-container-content-69bc4bdf\"><a href=\"https:\/\/www.copypro.ee\" target=\"_blank\" rel=\" noreferrer noopener\"><img decoding=\"async\" src=\"https:\/\/keresmemorial.com\/wp-content\/uploads\/2025\/07\/cproprod-removebg-preview-edited-2.png\" alt=\"\" class=\"wp-image-1982\" style=\"width:97px;height:auto\"\/><\/a><\/figure>\n\n\n\n<figure class=\"wp-block-image size-full is-resized wp-container-content-69bc4bdf\"><a href=\"https:\/\/spordikeskus.parnu.ee\/\" target=\"_blank\" rel=\" noreferrer noopener\"><img decoding=\"async\" src=\"https:\/\/keresmemorial.com\/wp-content\/uploads\/2025\/07\/ParnuSpordikeskuseLogo-1-removebg-preview-edited-1.png\" alt=\"\" class=\"wp-image-1984\" style=\"width:143px;height:auto\"\/><\/a><\/figure>\n\n\n\n<figure class=\"wp-block-image size-full is-resized wp-container-content-69bc4bdf wp-duotone-unset-5\"><a href=\"https:\/\/goodmark.ee\/\" target=\"_blank\" rel=\" noreferrer noopener\"><img decoding=\"async\" src=\"https:\/\/keresmemorial.com\/wp-content\/uploads\/2025\/07\/goodmark_logo_karikaga-1-removebg-preview.png\" alt=\"\" class=\"wp-image-1979\" style=\"width:89px;height:auto\"\/><\/a><\/figure>\n\n\n\n<figure class=\"wp-block-image size-full is-resized\"><img decoding=\"async\" src=\"https:\/\/keresmemorial.com\/wp-content\/uploads\/2025\/08\/Rannarootsi_AM_korvuti.png\" alt=\"\" class=\"wp-image-2017\" style=\"width:246px;height:auto\"\/><\/figure>\n<\/div>\n<\/div>\n<\/div>\n\n\n\n<p><\/p>\n","protected":false},"excerpt":{"rendered":"<p>The upcoming edition will take place from 27th July to 2nd of August 2026 All tournaments will be held at Estonia Resort Hotel &amp; Spa conference center. Classic Open A [&hellip;]<\/p>\n","protected":false},"author":1,"featured_media":0,"parent":0,"menu_order":0,"comment_status":"closed","ping_status":"closed","template":"no-title","meta":{"ngg_post_thumbnail":0,"_EventAllDay":false,"_EventTimezone":"","_EventStartDate":"","_EventEndDate":"","_EventStartDateUTC":"","_EventEndDateUTC":"","_EventShowMap":false,"_EventShowMapLink":false,"_EventURL":"","_EventCost":"","_EventCostDescription":"","_EventCurrencySymbol":"","_EventCurrencyCode":"","_EventCurrencyPosition":"","_EventDateTimeSeparator":"","_EventTimeRangeSeparator":"","_EventOrganizerID":[],"_EventVenueID":[],"_OrganizerEmail":"","_OrganizerPhone":"","_OrganizerWebsite":"","_VenueAddress":"","_VenueCity":"","_VenueCountry":"","_VenueProvince":"","_VenueState":"","_VenueZip":"","_VenuePhone":"","_VenueURL":"","_VenueStateProvince":"","_VenueLat":"","_VenueLng":"","_VenueShowMap":false,"_VenueShowMapLink":false,"footnotes":""},"class_list":["post-362","page","type-page","status-publish","hentry"],"aioseo_notices":[],"_links":{"self":[{"href":"https:\/\/keresmemorial.com\/en\/wp-json\/wp\/v2\/pages\/362","targetHints":{"allow":["GET"]}}],"collection":[{"href":"https:\/\/keresmemorial.com\/en\/wp-json\/wp\/v2\/pages"}],"about":[{"href":"https:\/\/keresmemorial.com\/en\/wp-json\/wp\/v2\/types\/page"}],"author":[{"embeddable":true,"href":"https:\/\/keresmemorial.com\/en\/wp-json\/wp\/v2\/users\/1"}],"replies":[{"embeddable":true,"href":"https:\/\/keresmemorial.com\/en\/wp-json\/wp\/v2\/comments?post=362"}],"version-history":[{"count":71,"href":"https:\/\/keresmemorial.com\/en\/wp-json\/wp\/v2\/pages\/362\/revisions"}],"predecessor-version":[{"id":3030,"href":"https:\/\/keresmemorial.com\/en\/wp-json\/wp\/v2\/pages\/362\/revisions\/3030"}],"wp:attachment":[{"href":"https:\/\/keresmemorial.com\/en\/wp-json\/wp\/v2\/media?parent=362"}],"curies":[{"name":"wp","href":"https:\/\/api.w.org\/{rel}","templated":true}]}}